{"id":497,"date":"2025-03-27T11:34:28","date_gmt":"2025-03-27T10:34:28","guid":{"rendered":"https:\/\/waterfun.inflaa.com\/en\/?page_id=497"},"modified":"2025-04-08T11:46:13","modified_gmt":"2025-04-08T09:46:13","slug":"start-earning","status":"publish","type":"page","link":"https:\/\/waterfun.inflaa.com\/en\/start-earning\/","title":{"rendered":"Start earning"},"content":{"rendered":"\n<div class=\"wp-block-group full-width-screen hero-case\"><div class=\"wp-block-group__inner-container is-layout-constrained wp-block-group-is-layout-constrained\">\n<figure class=\"wp-block-image size-large\"><img decoding=\"async\" src=\"https:\/\/waterfun.inflaa.com\/wp-content\/uploads\/2025\/03\/baner-case_study-1041x780.jpeg\" alt=\"koszty i zyski dmuchanych park\u00f3w wodnych\" class=\"wp-image-483\"\/><\/figure>\n\n\n\n<h1 class=\"wp-block-heading has-text-align-center has-white-color has-text-color has-link-color wp-elements-8ce7f862c51111cabd6b4f07f91ede62\">See how an inflatable water park earned our client a 266% profit in just one season!<\/h1>\n<\/div><\/div>\n\n\n\n<section class=\"wp-block-group\"><div class=\"wp-block-group__inner-container is-layout-constrained wp-block-group-is-layout-constrained\">\n<h2 class=\"wp-block-heading has-text-align-center\">How did an empty plot become the hit of the season?<\/h2>\n\n\n\n<div class=\"wp-block-columns box-hit has-text-color has-link-color wp-elements-309c6ec20edd89a2a501a43789c112e6 is-layout-flex wp-container-core-columns-is-layout-9d6595d7 wp-block-columns-is-layout-flex\" style=\"color:#454545\">\n<div class=\"wp-block-column is-layout-flow wp-block-column-is-layout-flow\">\n<h3 class=\"wp-block-heading has-text-align-center\">4800 sq. m<\/h3>\n\n\n\n<p class=\"has-text-align-center\"><strong>unused space<\/strong><\/p>\n<\/div>\n\n\n\n<div class=\"wp-block-column is-layout-flow wp-block-column-is-layout-flow\">\n<h3 class=\"wp-block-heading has-text-align-center\"><strong>Low profitability<\/strong><\/h3>\n\n\n\n<p class=\"has-text-align-center\"><strong>permanent attractions<\/strong><\/p>\n<\/div>\n\n\n\n<div class=\"wp-block-column is-layout-flow wp-block-column-is-layout-flow\">\n<h3 class=\"wp-block-heading has-text-align-center\">Summer heat<\/h3>\n\n\n\n<p class=\"has-text-align-center\"><strong>without access to a swimming area<\/strong><\/p>\n<\/div>\n<\/div>\n\n\n\n<p>Our client operated an amusement park in a picturesque location outside the city. Although the facility was well equipped with permanent attractions, there were still 4800 m\u00b2 of unused space within the park \u2014 space that generated costs but brought no profit. The client wanted to make better use of this area, enhance the offer, and attract more visitors \u2014 especially families with children and teenagers during the summer season.<\/p>\n\n\n\n<p>It&#8217;s worth noting that the amusement park was located over 200 km from any natural beaches, and the city lacked aquatic recreational areas, even though summer temperatures often exceeded 30\u00b0C.<\/p>\n<\/div><\/section>\n\n\n\n<section class=\"wp-block-group full-width-screen with-wraper has-white-color has-text-color has-background has-link-color wp-elements-a812412c5834d77447ad914d034c4f9a\" style=\"background-color:#2f67d6\"><div class=\"wp-block-group__inner-container is-layout-constrained wp-block-group-is-layout-constrained\">\n<h2 class=\"wp-block-heading has-text-align-center\">What did the Inflaa inflatable water park achieve?<\/h2>\n\n\n\n<div class=\"wp-block-columns box-what-make is-layout-flex wp-container-core-columns-is-layout-9d6595d7 wp-block-columns-is-layout-flex\">\n<div class=\"wp-block-column is-layout-flow wp-block-column-is-layout-flow\">\n<h2 class=\"wp-block-heading has-text-align-center\">266% in 90 days<\/h2>\n\n\n\n<p class=\"has-text-align-center has-large-font-size\"><strong>return on investment<\/strong><\/p>\n<\/div>\n\n\n\n<div class=\"wp-block-column is-layout-flow wp-block-column-is-layout-flow\">\n<h2 class=\"wp-block-heading has-text-align-center\">16 000 clients<\/h2>\n\n\n\n<p class=\"has-text-align-center has-large-font-size\"><strong><strong>in a single season<\/strong><\/strong><\/p>\n<\/div>\n\n\n\n<div class=\"wp-block-column is-layout-flow wp-block-column-is-layout-flow\">\n<h2 class=\"wp-block-heading has-text-align-center\">A one-of-a-kind offer<\/h2>\n\n\n\n<p class=\"has-text-align-center has-large-font-size\"><strong>in the entire region<\/strong><\/p>\n<\/div>\n<\/div>\n<\/div><\/section>\n\n\n\n<section class=\"wp-block-group\"><div class=\"wp-block-group__inner-container is-layout-constrained wp-block-group-is-layout-constrained\">\n<h2 class=\"wp-block-heading\">How did we achieve this?<\/h2>\n\n\n\n<p>Our team thoroughly analyzed the unused area of the amusement park and designed three attractions that together form an inflatable water park. The spatial planning included 3D visualizations, allowing our client to see exactly what the new attractions would look like before making a purchase. This also enabled them to start promoting the new entertainment center even before its grand opening!<\/p>\n\n\n\n<div class=\"wp-block-columns box-reach is-layout-flex wp-container-core-columns-is-layout-9d6595d7 wp-block-columns-is-layout-flex\">\n<div class=\"wp-block-column is-layout-flow wp-block-column-is-layout-flow\">\n<h3 class=\"wp-block-heading\">Yellow slide with a pool<\/h3>\n\n\n\n<div class=\"wp-block-group is-nowrap is-layout-flex wp-container-core-group-is-layout-ad2f72ca wp-block-group-is-layout-flex\">\n<figure class=\"wp-block-image size-full\"><img decoding=\"async\" src=\"https:\/\/waterfun.inflaa.com\/wp-content\/uploads\/2025\/03\/ico-dimension.svg\" alt=\"\" class=\"wp-image-507\"\/><\/figure>\n\n\n\n<p><strong>Dimensions:<\/strong><\/p>\n\n\n\n<p>17 x 11 x 6 m<\/p>\n<\/div>\n\n\n\n<div class=\"wp-block-group is-layout-flex wp-block-group-is-layout-flex\">\n<figure class=\"wp-block-image size-full is-resized\"><img decoding=\"async\" src=\"https:\/\/waterfun.inflaa.com\/wp-content\/uploads\/2025\/03\/ico-destiny.svg\" alt=\"\" class=\"wp-image-510\" style=\"width:24px;height:auto\"\/><\/figure>\n\n\n\n<p><strong>Intended use:<\/strong><\/p>\n\n\n\n<p>for children<\/p>\n<\/div>\n\n\n\n<div class=\"wp-block-group is-layout-flex wp-block-group-is-layout-flex\">\n<figure class=\"wp-block-image size-full\"><img decoding=\"async\" src=\"https:\/\/waterfun.inflaa.com\/wp-content\/uploads\/2025\/03\/ico-price.svg\" alt=\"\" class=\"wp-image-511\"\/><\/figure>\n\n\n\n<p class=\"has-large-font-size\"><strong>Purchase price<\/strong>:<\/p>\n\n\n\n<p class=\"has-large-font-size\"><strong>9 400 \u20ac net<\/strong><\/p>\n<\/div>\n\n\n\n<figure class=\"wp-block-image size-full\"><img decoding=\"async\" src=\"https:\/\/waterfun.inflaa.com\/wp-content\/uploads\/2025\/03\/zolta-zjezdzalnia.png\" alt=\"Z\u00f3\u0142ta zje\u017cd\u017calnia dmuchana\" class=\"wp-image-513\"\/><\/figure>\n<\/div>\n\n\n\n<div class=\"wp-block-column is-layout-flow wp-block-column-is-layout-flow\">\n<h3 class=\"wp-block-heading\"><strong>Inflatable water park<\/strong><\/h3>\n\n\n\n<div class=\"wp-block-group is-nowrap is-layout-flex wp-container-core-group-is-layout-ad2f72ca wp-block-group-is-layout-flex\">\n<figure class=\"wp-block-image size-full\"><img decoding=\"async\" src=\"https:\/\/waterfun.inflaa.com\/wp-content\/uploads\/2025\/03\/ico-dimension.svg\" alt=\"\" class=\"wp-image-507\"\/><\/figure>\n\n\n\n<p><strong>Dimensions:<\/strong><\/p>\n\n\n\n<p>32 x 22 x 10 m<\/p>\n<\/div>\n\n\n\n<div class=\"wp-block-group is-layout-flex wp-block-group-is-layout-flex\">\n<figure class=\"wp-block-image size-full is-resized\"><img decoding=\"async\" src=\"https:\/\/waterfun.inflaa.com\/wp-content\/uploads\/2025\/03\/ico-destiny.svg\" alt=\"\" class=\"wp-image-510\" style=\"width:24px;height:auto\"\/><\/figure>\n\n\n\n<p><strong>Intended use:<\/strong><\/p>\n\n\n\n<p>for children and adults<\/p>\n<\/div>\n\n\n\n<div class=\"wp-block-group is-layout-flex wp-block-group-is-layout-flex\">\n<figure class=\"wp-block-image size-full\"><img decoding=\"async\" src=\"https:\/\/waterfun.inflaa.com\/wp-content\/uploads\/2025\/03\/ico-price.svg\" alt=\"\" class=\"wp-image-511\"\/><\/figure>\n\n\n\n<p class=\"has-large-font-size\"><strong>Purchase price<\/strong>:<\/p>\n\n\n\n<p class=\"has-large-font-size\"><strong>25 300 \u20ac net<\/strong><\/p>\n<\/div>\n\n\n\n<figure class=\"wp-block-image size-full\"><img decoding=\"async\" src=\"https:\/\/waterfun.inflaa.com\/wp-content\/uploads\/2025\/03\/dmuchany-park.png\" alt=\"Dmuchany park wodny\" class=\"wp-image-516\"\/><\/figure>\n<\/div>\n\n\n\n<div class=\"wp-block-column is-layout-flow wp-block-column-is-layout-flow\">\n<h3 class=\"wp-block-heading\"><strong>Inflatable water football<\/strong><\/h3>\n\n\n\n<div class=\"wp-block-group is-nowrap is-layout-flex wp-container-core-group-is-layout-ad2f72ca wp-block-group-is-layout-flex\">\n<figure class=\"wp-block-image size-full\"><img decoding=\"async\" src=\"https:\/\/waterfun.inflaa.com\/wp-content\/uploads\/2025\/03\/ico-dimension.svg\" alt=\"\" class=\"wp-image-507\"\/><\/figure>\n\n\n\n<p><strong>Dimensions:<\/strong><\/p>\n\n\n\n<p>12 x 6 x 2 m<\/p>\n<\/div>\n\n\n\n<div class=\"wp-block-group is-layout-flex wp-block-group-is-layout-flex\">\n<figure class=\"wp-block-image size-full is-resized\"><img decoding=\"async\" src=\"https:\/\/waterfun.inflaa.com\/wp-content\/uploads\/2025\/03\/ico-destiny.svg\" alt=\"\" class=\"wp-image-510\" style=\"width:24px;height:auto\"\/><\/figure>\n\n\n\n<p><strong>Intended use:<\/strong><\/p>\n\n\n\n<p>for children and adults<\/p>\n<\/div>\n\n\n\n<div class=\"wp-block-group is-layout-flex wp-block-group-is-layout-flex\">\n<figure class=\"wp-block-image size-full\"><img decoding=\"async\" src=\"https:\/\/waterfun.inflaa.com\/wp-content\/uploads\/2025\/03\/ico-price.svg\" alt=\"\" class=\"wp-image-511\"\/><\/figure>\n\n\n\n<p class=\"has-large-font-size\"><strong>Purchase price<\/strong>:<\/p>\n\n\n\n<p class=\"has-large-font-size\"><strong>3 690 \u20ac net<\/strong><\/p>\n<\/div>\n\n\n\n<figure class=\"wp-block-image size-full\"><img decoding=\"async\" src=\"https:\/\/waterfun.inflaa.com\/wp-content\/uploads\/2025\/03\/dmuchane-boisko.png\" alt=\"Dmuchane boisko wodne\" class=\"wp-image-517\"\/><\/figure>\n<\/div>\n<\/div>\n\n\n\n<h3 class=\"wp-block-heading has-text-align-right has-text-color has-link-color wp-elements-33ddca5e67799531ce87e859e0083ef4\" style=\"color:#ff715b\">Total cost of all attractions: \u20ac 38 390 net<\/h3>\n<\/div><\/section>\n\n\n\n<section class=\"wp-block-group\"><div class=\"wp-block-group__inner-container is-layout-constrained wp-block-group-is-layout-constrained\">\n<h2 class=\"wp-block-heading\">The results speak for themselves<\/h2>\n\n\n\n<p>With the client\u2019s consent, we present the profit achieved in the first 3 months following the opening of the inflatable water park in their entertainment center (summer 2023). Additionally, before undertaking any project, we conduct an initial profit simulation for each client.<\/p>\n\n\n\n<div class=\"wp-block-group grid-boxes is-layout-grid wp-container-core-group-is-layout-6be84c55 wp-block-group-is-layout-grid\">\n<div class=\"wp-block-group box-orange\"><div class=\"wp-block-group__inner-container is-layout-constrained wp-block-group-is-layout-constrained\">\n<div class=\"wp-block-group is-nowrap is-layout-flex wp-container-core-group-is-layout-9123dee2 wp-block-group-is-layout-flex\">\n<figure class=\"wp-block-image size-full\"><img decoding=\"async\" src=\"https:\/\/waterfun.inflaa.com\/wp-content\/uploads\/2025\/03\/ico-ticket.svg\" alt=\"\" class=\"wp-image-555\"\/><\/figure>\n\n\n\n<p>11 \u20ac per person<\/p>\n<\/div>\n\n\n\n<div class=\"wp-block-group is-nowrap is-layout-flex wp-container-core-group-is-layout-9123dee2 wp-block-group-is-layout-flex\">\n<figure class=\"wp-block-image size-full\"><img decoding=\"async\" src=\"https:\/\/waterfun.inflaa.com\/wp-content\/uploads\/2025\/03\/ico-family.svg\" alt=\"\" class=\"wp-image-556\"\/><\/figure>\n\n\n\n<p>180 people per day<\/p>\n<\/div>\n\n\n\n<h2 class=\"wp-block-heading\">\u20ac 1 980 per day<\/h2>\n<\/div><\/div>\n\n\n\n<div class=\"wp-block-group box-orange\"><div class=\"wp-block-group__inner-container is-layout-constrained wp-block-group-is-layout-constrained\">\n<div class=\"wp-block-group is-nowrap is-layout-flex wp-container-core-group-is-layout-9123dee2 wp-block-group-is-layout-flex\">\n<figure class=\"wp-block-image size-full\"><img decoding=\"async\" src=\"https:\/\/waterfun.inflaa.com\/wp-content\/uploads\/2025\/03\/ico-ticket.svg\" alt=\"\" class=\"wp-image-555\"\/><\/figure>\n\n\n\n<p>1 980 \u20ac per day<\/p>\n<\/div>\n\n\n\n<div class=\"wp-block-group is-nowrap is-layout-flex wp-container-core-group-is-layout-9123dee2 wp-block-group-is-layout-flex\">\n<figure class=\"wp-block-image size-full\"><img decoding=\"async\" src=\"https:\/\/waterfun.inflaa.com\/wp-content\/uploads\/2025\/03\/ico-family.svg\" alt=\"\" class=\"wp-image-556\"\/><\/figure>\n\n\n\n<p>90-day season<\/p>\n<\/div>\n\n\n\n<h2 class=\"wp-block-heading\">\u20ac 178 200 in a season<\/h2>\n<\/div><\/div>\n\n\n\n<div class=\"wp-block-group box-blue prim\"><div class=\"wp-block-group__inner-container is-layout-constrained wp-block-group-is-layout-constrained\">\n<h2 class=\"wp-block-heading has-text-align-center\">266% profit in a single season!<\/h2>\n\n\n\n<div class=\"wp-block-buttons is-content-justification-center is-layout-flex wp-container-core-buttons-is-layout-16018d1d wp-block-buttons-is-layout-flex\">\n<div class=\"wp-block-button is-style-outline open-form is-style-outline--1\"><a class=\"wp-block-button__link wp-element-button\">Estimate your park<\/a><\/div>\n<\/div>\n<\/div><\/div>\n\n\n\n<div class=\"wp-block-group box-grey\"><div class=\"wp-block-group__inner-container is-layout-constrained wp-block-group-is-layout-constrained\">\n<p>Costs<\/p>\n\n\n\n<h2 class=\"wp-block-heading has-text-align-right\">\u20ac 38 390<\/h2>\n<\/div><\/div>\n\n\n\n<div class=\"wp-block-group box-blue\"><div class=\"wp-block-group__inner-container is-layout-constrained wp-block-group-is-layout-constrained\">\n<p>Profit<\/p>\n\n\n\n<h2 class=\"wp-block-heading has-text-align-right\">\u20ac 139 810<\/h2>\n<\/div><\/div>\n<\/div>\n<\/div><\/section>\n\n\n\n<section class=\"wp-block-group\"><div class=\"wp-block-group__inner-container is-layout-constrained wp-block-group-is-layout-constrained\">\n<div class=\"wp-block-columns are-vertically-aligned-center cta-section-new is-layout-flex wp-container-core-columns-is-layout-9d6595d7 wp-block-columns-is-layout-flex\">\n<div class=\"wp-block-column is-vertically-aligned-center is-layout-flow wp-block-column-is-layout-flow\" style=\"flex-basis:60%\">\n<h2 class=\"wp-block-heading\">Do you want your free project and estimate?<\/h2>\n\n\n\n<div class=\"wp-block-buttons is-layout-flex wp-block-buttons-is-layout-flex\">\n<div class=\"wp-block-button is-style-fill open-form\"><a class=\"wp-block-button__link wp-element-button\">Send the form<\/a><\/div>\n\n\n\n<div class=\"wp-block-button is-style-outline is-style-outline--2\"><a class=\"wp-block-button__link wp-element-button\" href=\"tel:+48501110922\">+48 501 110 922<\/a><\/div>\n\n\n\n<div class=\"wp-block-button is-style-fill-whatsapp\"><a class=\"wp-block-button__link wp-element-button\" href=\"https:\/\/wa.me\/48501110922\" target=\"_blank\" rel=\" noreferrer noopener nofollow\">WhatsApp<\/a><\/div>\n<\/div>\n<\/div>\n\n\n\n<div class=\"wp-block-column is-vertically-aligned-center is-layout-flow wp-block-column-is-layout-flow\" style=\"flex-basis:40%\">\n<figure class=\"wp-block-image size-full anime wp-container-content-f67f277b\"><img decoding=\"async\" src=\"https:\/\/waterfun.inflaa.com\/wp-content\/uploads\/2025\/03\/cta-image-case.png\" alt=\"Wizualizacja 3D dmuchanego parku wodnego\" class=\"wp-image-532\" style=\"object-fit:cover\"\/><\/figure>\n<\/div>\n<\/div>\n<\/div><\/section>\n\n\n\n<h3 class=\"wp-block-heading has-text-align-center\">Our water parks are the perfect solution for many industries!<\/h3>\n\n\n\n<div class=\"wp-block-group full-width-screen marquee-container\"><div class=\"wp-block-group__inner-container is-layout-constrained wp-block-group-is-layout-constrained\">\n<div class=\"wp-block-group marquee is-nowrap is-layout-flex wp-container-core-group-is-layout-ad2f72ca wp-block-group-is-layout-flex\">\n<h3 class=\"wp-block-heading\"><strong>Hotels<\/strong><\/h3>\n\n\n\n<h3 class=\"wp-block-heading\"><strong>Resorts<\/strong><\/h3>\n\n\n\n<h3 class=\"wp-block-heading\">Water parks<\/h3>\n\n\n\n<h3 class=\"wp-block-heading\">Amusement parks<\/h3>\n\n\n\n<h3 class=\"wp-block-heading\">Summer camps<\/h3>\n\n\n\n<h3 class=\"wp-block-heading\"><strong>Sports centers<\/strong><\/h3>\n\n\n\n<h3 class=\"wp-block-heading\"><strong>Campsites<\/strong><\/h3>\n\n\n\n<h3 class=\"wp-block-heading\"><strong>Hotels<\/strong><\/h3>\n\n\n\n<h3 class=\"wp-block-heading\"><strong>Resorts<\/strong><\/h3>\n\n\n\n<h3 class=\"wp-block-heading\">Water parks<\/h3>\n\n\n\n<h3 class=\"wp-block-heading\">Amusement parks<\/h3>\n\n\n\n<h3 class=\"wp-block-heading\">Summer camps<\/h3>\n\n\n\n<h3 class=\"wp-block-heading\"><strong>Sports centers<\/strong><\/h3>\n\n\n\n<h3 class=\"wp-block-heading\"><strong>Campsites<\/strong><\/h3>\n<\/div>\n<\/div><\/div>\n\n\n\n<div class=\"wp-block-buttons is-content-justification-center is-layout-flex wp-container-core-buttons-is-layout-16018d1d wp-block-buttons-is-layout-flex\">\n<div class=\"wp-block-button is-style-outline is-style-outline--3\"><a class=\"wp-block-button__link wp-element-button\" href=\"https:\/\/waterfun.inflaa.com\/en\/#dlaczego-warto\"><strong>Learn more<\/strong><\/a><\/div>\n<\/div>\n","protected":false},"excerpt":{"rendered":"<p>See how an inflatable water park earned our client a 266% profit in just one season! How did an empty plot become the hit of the season? 4800 sq. m unused space Low profitability permanent attractions Summer heat without access to a swimming area Our client operated an amusement park in a picturesque location outside [&hellip;]<\/p>\n","protected":false},"author":1,"featured_media":0,"parent":0,"menu_order":0,"comment_status":"closed","ping_status":"closed","template":"","meta":{"footnotes":""},"class_list":["post-497","page","type-page","status-publish","hentry"],"yoast_head":"<!-- This site is optimized with the Yoast SEO plugin v26.7 - https:\/\/yoast.com\/wordpress\/plugins\/seo\/ -->\n<title>Start earning - Inflatable Water Park - EN<\/title>\n<meta name=\"robots\" content=\"index, follow, max-snippet:-1, max-image-preview:large, max-video-preview:-1\" \/>\n<link rel=\"canonical\" href=\"https:\/\/waterfun.inflaa.com\/en\/start-earning\/\" \/>\n<meta property=\"og:locale\" content=\"en_US\" \/>\n<meta property=\"og:type\" content=\"article\" \/>\n<meta property=\"og:title\" content=\"Start earning - Inflatable Water Park - EN\" \/>\n<meta property=\"og:description\" content=\"See how an inflatable water park earned our client a 266% profit in just one season! How did an empty plot become the hit of the season? 4800 sq. m unused space Low profitability permanent attractions Summer heat without access to a swimming area Our client operated an amusement park in a picturesque location outside [&hellip;]\" \/>\n<meta property=\"og:url\" content=\"https:\/\/waterfun.inflaa.com\/en\/start-earning\/\" \/>\n<meta property=\"og:site_name\" content=\"Inflatable Water Park - EN\" \/>\n<meta property=\"article:modified_time\" content=\"2025-04-08T09:46:13+00:00\" \/>\n<meta property=\"og:image\" content=\"https:\/\/waterfun.inflaa.com\/wp-content\/uploads\/2025\/03\/baner-case_study-1041x780.jpeg\" \/>\n<meta name=\"twitter:card\" content=\"summary_large_image\" \/>\n<meta name=\"twitter:label1\" content=\"Est. reading time\" \/>\n\t<meta name=\"twitter:data1\" content=\"2 minutes\" \/>\n<script type=\"application\/ld+json\" class=\"yoast-schema-graph\">{\"@context\":\"https:\/\/schema.org\",\"@graph\":[{\"@type\":\"WebPage\",\"@id\":\"https:\/\/waterfun.inflaa.com\/en\/start-earning\/\",\"url\":\"https:\/\/waterfun.inflaa.com\/en\/start-earning\/\",\"name\":\"Start earning - Inflatable Water Park - EN\",\"isPartOf\":{\"@id\":\"https:\/\/waterfun.inflaa.com\/en\/#website\"},\"primaryImageOfPage\":{\"@id\":\"https:\/\/waterfun.inflaa.com\/en\/start-earning\/#primaryimage\"},\"image\":{\"@id\":\"https:\/\/waterfun.inflaa.com\/en\/start-earning\/#primaryimage\"},\"thumbnailUrl\":\"https:\/\/waterfun.inflaa.com\/wp-content\/uploads\/2025\/03\/baner-case_study-1041x780.jpeg\",\"datePublished\":\"2025-03-27T10:34:28+00:00\",\"dateModified\":\"2025-04-08T09:46:13+00:00\",\"breadcrumb\":{\"@id\":\"https:\/\/waterfun.inflaa.com\/en\/start-earning\/#breadcrumb\"},\"inLanguage\":\"en-US\",\"potentialAction\":[{\"@type\":\"ReadAction\",\"target\":[\"https:\/\/waterfun.inflaa.com\/en\/start-earning\/\"]}]},{\"@type\":\"ImageObject\",\"inLanguage\":\"en-US\",\"@id\":\"https:\/\/waterfun.inflaa.com\/en\/start-earning\/#primaryimage\",\"url\":\"https:\/\/waterfun.inflaa.com\/wp-content\/uploads\/2025\/03\/baner-case_study-1041x780.jpeg\",\"contentUrl\":\"https:\/\/waterfun.inflaa.com\/wp-content\/uploads\/2025\/03\/baner-case_study-1041x780.jpeg\"},{\"@type\":\"BreadcrumbList\",\"@id\":\"https:\/\/waterfun.inflaa.com\/en\/start-earning\/#breadcrumb\",\"itemListElement\":[{\"@type\":\"ListItem\",\"position\":1,\"name\":\"Strona g\u0142\u00f3wna\",\"item\":\"https:\/\/waterfun.inflaa.com\/en\/\"},{\"@type\":\"ListItem\",\"position\":2,\"name\":\"Start earning\"}]},{\"@type\":\"WebSite\",\"@id\":\"https:\/\/waterfun.inflaa.com\/en\/#website\",\"url\":\"https:\/\/waterfun.inflaa.com\/en\/\",\"name\":\"Inflatable Water Park - EN\",\"description\":\"Polish manufacturer of inflatable water parks in Poland and the European Union\",\"publisher\":{\"@id\":\"https:\/\/waterfun.inflaa.com\/en\/#organization\"},\"potentialAction\":[{\"@type\":\"SearchAction\",\"target\":{\"@type\":\"EntryPoint\",\"urlTemplate\":\"https:\/\/waterfun.inflaa.com\/en\/?s={search_term_string}\"},\"query-input\":{\"@type\":\"PropertyValueSpecification\",\"valueRequired\":true,\"valueName\":\"search_term_string\"}}],\"inLanguage\":\"en-US\"},{\"@type\":\"Organization\",\"@id\":\"https:\/\/waterfun.inflaa.com\/en\/#organization\",\"name\":\"Inflatable Water Park - EN\",\"url\":\"https:\/\/waterfun.inflaa.com\/en\/\",\"logo\":{\"@type\":\"ImageObject\",\"inLanguage\":\"en-US\",\"@id\":\"https:\/\/waterfun.inflaa.com\/en\/#\/schema\/logo\/image\/\",\"url\":\"https:\/\/waterfun.inflaa.com\/en\/wp-content\/uploads\/sites\/3\/2025\/01\/logo-inflaa_com.svg\",\"contentUrl\":\"https:\/\/waterfun.inflaa.com\/en\/wp-content\/uploads\/sites\/3\/2025\/01\/logo-inflaa_com.svg\",\"caption\":\"Inflatable Water Park - EN\"},\"image\":{\"@id\":\"https:\/\/waterfun.inflaa.com\/en\/#\/schema\/logo\/image\/\"}}]}<\/script>\n<!-- \/ Yoast SEO plugin. -->","yoast_head_json":{"title":"Start earning - Inflatable Water Park - EN","robots":{"index":"index","follow":"follow","max-snippet":"max-snippet:-1","max-image-preview":"max-image-preview:large","max-video-preview":"max-video-preview:-1"},"canonical":"https:\/\/waterfun.inflaa.com\/en\/start-earning\/","og_locale":"en_US","og_type":"article","og_title":"Start earning - Inflatable Water Park - EN","og_description":"See how an inflatable water park earned our client a 266% profit in just one season! How did an empty plot become the hit of the season? 4800 sq. m unused space Low profitability permanent attractions Summer heat without access to a swimming area Our client operated an amusement park in a picturesque location outside [&hellip;]","og_url":"https:\/\/waterfun.inflaa.com\/en\/start-earning\/","og_site_name":"Inflatable Water Park - EN","article_modified_time":"2025-04-08T09:46:13+00:00","og_image":[{"url":"https:\/\/waterfun.inflaa.com\/wp-content\/uploads\/2025\/03\/baner-case_study-1041x780.jpeg","type":"","width":"","height":""}],"twitter_card":"summary_large_image","twitter_misc":{"Est. reading time":"2 minutes"},"schema":{"@context":"https:\/\/schema.org","@graph":[{"@type":"WebPage","@id":"https:\/\/waterfun.inflaa.com\/en\/start-earning\/","url":"https:\/\/waterfun.inflaa.com\/en\/start-earning\/","name":"Start earning - Inflatable Water Park - EN","isPartOf":{"@id":"https:\/\/waterfun.inflaa.com\/en\/#website"},"primaryImageOfPage":{"@id":"https:\/\/waterfun.inflaa.com\/en\/start-earning\/#primaryimage"},"image":{"@id":"https:\/\/waterfun.inflaa.com\/en\/start-earning\/#primaryimage"},"thumbnailUrl":"https:\/\/waterfun.inflaa.com\/wp-content\/uploads\/2025\/03\/baner-case_study-1041x780.jpeg","datePublished":"2025-03-27T10:34:28+00:00","dateModified":"2025-04-08T09:46:13+00:00","breadcrumb":{"@id":"https:\/\/waterfun.inflaa.com\/en\/start-earning\/#breadcrumb"},"inLanguage":"en-US","potentialAction":[{"@type":"ReadAction","target":["https:\/\/waterfun.inflaa.com\/en\/start-earning\/"]}]},{"@type":"ImageObject","inLanguage":"en-US","@id":"https:\/\/waterfun.inflaa.com\/en\/start-earning\/#primaryimage","url":"https:\/\/waterfun.inflaa.com\/wp-content\/uploads\/2025\/03\/baner-case_study-1041x780.jpeg","contentUrl":"https:\/\/waterfun.inflaa.com\/wp-content\/uploads\/2025\/03\/baner-case_study-1041x780.jpeg"},{"@type":"BreadcrumbList","@id":"https:\/\/waterfun.inflaa.com\/en\/start-earning\/#breadcrumb","itemListElement":[{"@type":"ListItem","position":1,"name":"Strona g\u0142\u00f3wna","item":"https:\/\/waterfun.inflaa.com\/en\/"},{"@type":"ListItem","position":2,"name":"Start earning"}]},{"@type":"WebSite","@id":"https:\/\/waterfun.inflaa.com\/en\/#website","url":"https:\/\/waterfun.inflaa.com\/en\/","name":"Inflatable Water Park - EN","description":"Polish manufacturer of inflatable water parks in Poland and the European Union","publisher":{"@id":"https:\/\/waterfun.inflaa.com\/en\/#organization"},"potentialAction":[{"@type":"SearchAction","target":{"@type":"EntryPoint","urlTemplate":"https:\/\/waterfun.inflaa.com\/en\/?s={search_term_string}"},"query-input":{"@type":"PropertyValueSpecification","valueRequired":true,"valueName":"search_term_string"}}],"inLanguage":"en-US"},{"@type":"Organization","@id":"https:\/\/waterfun.inflaa.com\/en\/#organization","name":"Inflatable Water Park - EN","url":"https:\/\/waterfun.inflaa.com\/en\/","logo":{"@type":"ImageObject","inLanguage":"en-US","@id":"https:\/\/waterfun.inflaa.com\/en\/#\/schema\/logo\/image\/","url":"https:\/\/waterfun.inflaa.com\/en\/wp-content\/uploads\/sites\/3\/2025\/01\/logo-inflaa_com.svg","contentUrl":"https:\/\/waterfun.inflaa.com\/en\/wp-content\/uploads\/sites\/3\/2025\/01\/logo-inflaa_com.svg","caption":"Inflatable Water Park - EN"},"image":{"@id":"https:\/\/waterfun.inflaa.com\/en\/#\/schema\/logo\/image\/"}}]}},"_links":{"self":[{"href":"https:\/\/waterfun.inflaa.com\/en\/wp-json\/wp\/v2\/pages\/497","targetHints":{"allow":["GET"]}}],"collection":[{"href":"https:\/\/waterfun.inflaa.com\/en\/wp-json\/wp\/v2\/pages"}],"about":[{"href":"https:\/\/waterfun.inflaa.com\/en\/wp-json\/wp\/v2\/types\/page"}],"author":[{"embeddable":true,"href":"https:\/\/waterfun.inflaa.com\/en\/wp-json\/wp\/v2\/users\/1"}],"replies":[{"embeddable":true,"href":"https:\/\/waterfun.inflaa.com\/en\/wp-json\/wp\/v2\/comments?post=497"}],"version-history":[{"count":25,"href":"https:\/\/waterfun.inflaa.com\/en\/wp-json\/wp\/v2\/pages\/497\/revisions"}],"predecessor-version":[{"id":577,"href":"https:\/\/waterfun.inflaa.com\/en\/wp-json\/wp\/v2\/pages\/497\/revisions\/577"}],"wp:attachment":[{"href":"https:\/\/waterfun.inflaa.com\/en\/wp-json\/wp\/v2\/media?parent=497"}],"curies":[{"name":"wp","href":"https:\/\/api.w.org\/{rel}","templated":true}]}}